{"id":61,"date":"2023-02-17T04:04:32","date_gmt":"2023-02-17T04:04:32","guid":{"rendered":"https:\/\/benjaminolaizola.com\/index.php\/producto\/hoodie-with-logo-2\/"},"modified":"2025-10-27T14:44:42","modified_gmt":"2025-10-27T14:44:42","slug":"principios-de-juego","status":"publish","type":"product","link":"https:\/\/benjaminolaizola.com\/index.php\/producto\/principios-de-juego\/","title":{"rendered":"Principios de juego del Scrabble\u00ae en espa\u00f1ol"},"content":{"rendered":"<p>En este libro, Benjam\u00edn presenta principios generales que ser\u00e1n \u00fatiles para jugadores de todos los niveles, ilustrados con ejemplos concretos de aplicaci\u00f3n de cada uno de ellos en partidas reales.<\/p>\n","protected":false},"excerpt":{"rendered":"<p>\u00abEn este libro, Benjam\u00edn Olaizola presenta principios generales que ser\u00e1n \u00fatiles para jugadores de todos los niveles, ilustrados con ejemplos concretos de aplicaci\u00f3n de cada uno de ellos en partidas reales\u00bb. <em>Horacio Moavro &#8211; subcampe\u00f3n\u00a0mundial 2022<\/em><\/p>\n<p>\u00a1Juega tu mejor partida cada vez!<\/p>\n","protected":false},"featured_media":109,"comment_status":"open","ping_status":"closed","template":"","meta":{"_et_pb_use_builder":"","_et_pb_old_content":"","_et_gb_content_width":"","om_disable_all_campaigns":false,"_monsterinsights_skip_tracking":false,"_monsterinsights_sitenote_active":false,"_monsterinsights_sitenote_note":"","_monsterinsights_sitenote_category":0},"product_brand":[],"product_cat":[22],"product_tag":[],"class_list":{"0":"post-61","1":"product","2":"type-product","3":"status-publish","4":"has-post-thumbnail","6":"product_cat-scrabble","8":"first","9":"instock","10":"shipping-taxable","11":"purchasable","12":"product-type-simple"},"aioseo_notices":[],"_links":{"self":[{"href":"https:\/\/benjaminolaizola.com\/index.php\/wp-json\/wp\/v2\/product\/61","targetHints":{"allow":["GET"]}}],"collection":[{"href":"https:\/\/benjaminolaizola.com\/index.php\/wp-json\/wp\/v2\/product"}],"about":[{"href":"https:\/\/benjaminolaizola.com\/index.php\/wp-json\/wp\/v2\/types\/product"}],"replies":[{"embeddable":true,"href":"https:\/\/benjaminolaizola.com\/index.php\/wp-json\/wp\/v2\/comments?post=61"}],"wp:featuredmedia":[{"embeddable":true,"href":"https:\/\/benjaminolaizola.com\/index.php\/wp-json\/wp\/v2\/media\/109"}],"wp:attachment":[{"href":"https:\/\/benjaminolaizola.com\/index.php\/wp-json\/wp\/v2\/media?parent=61"}],"wp:term":[{"taxonomy":"product_brand","embeddable":true,"href":"https:\/\/benjaminolaizola.com\/index.php\/wp-json\/wp\/v2\/product_brand?post=61"},{"taxonomy":"product_cat","embeddable":true,"href":"https:\/\/benjaminolaizola.com\/index.php\/wp-json\/wp\/v2\/product_cat?post=61"},{"taxonomy":"product_tag","embeddable":true,"href":"https:\/\/benjaminolaizola.com\/index.php\/wp-json\/wp\/v2\/product_tag?post=61"}],"curies":[{"name":"wp","href":"https:\/\/api.w.org\/{rel}","templated":true}]}}