{"id":12,"date":"2023-02-16T20:13:29","date_gmt":"2023-02-16T20:13:29","guid":{"rendered":"https:\/\/benjaminolaizola.com\/?page_id=12"},"modified":"2025-09-18T18:39:45","modified_gmt":"2025-09-18T18:39:45","slug":"sobre-mi","status":"publish","type":"page","link":"https:\/\/benjaminolaizola.com\/index.php\/sobre-mi\/","title":{"rendered":"Sobre m\u00ed"},"content":{"rendered":"<p>[et_pb_section fb_built=\u00bb1&#8243; admin_label=\u00bbPage Title Section\u00bb _builder_version=\u00bb4.19.5&#8243; use_background_color_gradient=\u00bbon\u00bb background_color_gradient_direction=\u00bb90deg\u00bb background_color_gradient_stops=\u00bb#f4f4f4 50%|rgba(244,244,244,0) 80%\u00bb background_color_gradient_overlays_image=\u00bbon\u00bb background_color_gradient_start=\u00bb#f4f4f4&#8243; background_color_gradient_start_position=\u00bb50%\u00bb background_color_gradient_end=\u00bbrgba(244,244,244,0)\u00bb background_color_gradient_end_position=\u00bb80%\u00bb background_image=\u00bbhttps:\/\/benjaminolaizola.com\/wp-content\/uploads\/2023\/02\/otra.png\u00bb custom_padding=\u00bb150px||150px|\u00bb global_colors_info=\u00bb{}\u00bb][et_pb_row column_structure=\u00bb1_2,1_2&#8243; _builder_version=\u00bb4.16&#8243; custom_padding=\u00bb70px||70px|\u00bb global_colors_info=\u00bb{}\u00bb][et_pb_column type=\u00bb1_2&#8243; _builder_version=\u00bb4.16&#8243; background_color=\u00bb#f4f4f4&#8243; custom_padding=\u00bb|||\u00bb custom_padding_tablet=\u00bb40px|40px|40px|40px\u00bb custom_padding_phone=\u00bb40px|40px|40px|40px\u00bb custom_padding_last_edited=\u00bbon|tablet\u00bb global_colors_info=\u00bb{}\u00bb padding_tablet=\u00bb40px|40px|40px|40px\u00bb padding_last_edited=\u00bbon|tablet\u00bb custom_padding__hover=\u00bb|||\u00bb padding_phone=\u00bb40px|40px|40px|40px\u00bb][et_pb_text admin_label=\u00bbTitle\u00bb _builder_version=\u00bb4.19.5&#8243; text_font=\u00bbNunito|600|||||||\u00bb text_font_size=\u00bb15px\u00bb header_font=\u00bb||||||||\u00bb header_font_size=\u00bb80px\u00bb header_2_font=\u00bbAbhaya Libre|700|||||||\u00bb header_2_font_size=\u00bb64px\u00bb header_2_line_height=\u00bb1.2em\u00bb header_4_font=\u00bbNunito|700||on|||||\u00bb header_4_text_color=\u00bb#004b26&#8243; header_4_letter_spacing=\u00bb2px\u00bb header_4_line_height=\u00bb1.8em\u00bb header_6_font=\u00bbNunito|600|||||||\u00bb header_6_text_color=\u00bb#666666&#8243; header_6_font_size=\u00bb18px\u00bb header_6_line_height=\u00bb1.4em\u00bb max_width=\u00bb600px\u00bb custom_margin=\u00bb||40px|\u00bb animation_style=\u00bbslide\u00bb animation_direction=\u00bbright\u00bb animation_intensity_slide=\u00bb5%\u00bb animation_starting_opacity=\u00bb100%\u00bb header_font_size_tablet=\u00bb40px\u00bb header_font_size_phone=\u00bb\u00bb header_font_size_last_edited=\u00bbon|tablet\u00bb header_2_font_size_tablet=\u00bb40px\u00bb header_2_font_size_phone=\u00bb\u00bb header_2_font_size_last_edited=\u00bbon|tablet\u00bb locked=\u00bboff\u00bb global_colors_info=\u00bb{}\u00bb]<\/p>\n<h4>un Apasionado del scrabble\u00ae<\/h4>\n<h2>Mi historia<\/h2>\n<p>[\/et_pb_text][et_pb_text _builder_version=\u00bb4.22.0&#8243; text_font=\u00bbNunito||||||||\u00bb text_font_size=\u00bb18px\u00bb text_line_height=\u00bb1.8em\u00bb header_font=\u00bb||||||||\u00bb max_width=\u00bb600px\u00bb custom_margin=\u00bb|||\u00bb custom_padding=\u00bb||10px|\u00bb animation_style=\u00bbslide\u00bb animation_direction=\u00bbright\u00bb animation_intensity_slide=\u00bb5%\u00bb animation_starting_opacity=\u00bb100%\u00bb locked=\u00bboff\u00bb global_colors_info=\u00bb{}\u00bb]<\/p>\n<p>Benjam\u00edn naci\u00f3 en Caracas (1979) en el seno de una familia aficionada a la lectura y los juegos de mesa. Es el menor de cuatro hermanos, y desde muy temprana edad se interes\u00f3 por los juegos de estrategia y an\u00e1lisis, siendo el ajedrez y el domin\u00f3 los m\u00e1s relevantes.<\/p>\n<p>A la edad de 18 a\u00f1os conoce el Scrabble\u00ae por un hecho fortuito, sin saber en ese entonces que este juego se convertir\u00eda en su principal pasi\u00f3n.<\/p>\n<p>El Scrabble\u00ae combina el azar con otros elementos como el conocimiento de palabras, c\u00e1lculo matem\u00e1tico, estrategia, visi\u00f3n espacial, concentraci\u00f3n, entre otros, lo cual lo hace \u00fanico entre los deportes de la mente (actualmente se le distingue dentro de esta categor\u00eda).<\/p>\n<p>Licenciado en Administraci\u00f3n de Empresas (UCAB 2005), Benjam\u00edn ha logrado alternar su profesi\u00f3n con su pasi\u00f3n a lo largo de su carrera como jugador activo.<\/p>\n<p>Logr\u00f3 su primer campeonato mundial en San Jos\u00e9 de Costa Rica 2001, repitiendo seis a\u00f1os despu\u00e9s en Bogot\u00e1 2007 y, m\u00e1s recientemente, se consagr\u00f3 como tricampe\u00f3n, en el Campeonato Mundial, Costa Rica 2023. En la \u00faltima edici\u00f3n del Campeonato Mundial, Chile 2025, logr\u00f3 su cuarto subcampeonato. Actualmente, reside en Rosario, Argentina, y luego de 25 a\u00f1os de carrera activa en torneos nacionales e internacionales, fue recopilando una serie de principios de juego, los cuales vino a plasmar en su primer libro, <em>Principios de juego del Scrabble<span>\u00ae<\/span> en espa\u00f1ol.<\/em><\/p>\n<p>Su inter\u00e9s es que en cada hogar nazca el disfrute por compartir un partido de Scrabble\u00ae en familia, poniendo en pr\u00e1ctica cada uno de los principios se\u00f1alados en el libro, y en caso de animarse a la competencia formal, encender la llama de la pasi\u00f3n por este deporte de la mente en cada uno de los lectores.<\/p>\n<p>[\/et_pb_text][et_pb_button button_url=\u00bb@ET-DC@eyJkeW5hbWljIjp0cnVlLCJjb250ZW50IjoicG9zdF9saW5rX3VybF9wYWdlIiwic2V0dGluZ3MiOnsicG9zdF9pZCI6IjEwIn19@\u00bb button_text=\u00bbMi libro\u00bb _builder_version=\u00bb4.19.5&#8243; _dynamic_attributes=\u00bbbutton_url\u00bb _module_preset=\u00bbdefault\u00bb custom_button=\u00bbon\u00bb button_text_color=\u00bb#004b26&#8243; button_border_radius=\u00bb47px\u00bb global_colors_info=\u00bb{}\u00bb][\/et_pb_button][\/et_pb_column][et_pb_column type=\u00bb1_2&#8243; _builder_version=\u00bb4.16&#8243; custom_padding=\u00bb|||\u00bb global_colors_info=\u00bb{}\u00bb custom_padding__hover=\u00bb|||\u00bb][\/et_pb_column][\/et_pb_row][\/et_pb_section][et_pb_section fb_built=\u00bb1&#8243; admin_label=\u00bbQuote Section\u00bb _builder_version=\u00bb4.19.5&#8243; background_color=\u00bb#004b26&#8243; background_image=\u00bbhttps:\/\/benjaminolaizola.com\/wp-content\/uploads\/2023\/02\/pages-divider.png\u00bb background_size=\u00bbcontain\u00bb background_position=\u00bbtop_center\u00bb custom_padding=\u00bb31px||5px|||\u00bb top_divider_color=\u00bbrgba(255,255,255,0.3)\u00bb global_colors_info=\u00bb{}\u00bb][et_pb_row _builder_version=\u00bb4.16&#8243; custom_padding=\u00bb14px|||||\u00bb global_colors_info=\u00bb{}\u00bb][et_pb_column type=\u00bb4_4&#8243; _builder_version=\u00bb4.16&#8243; custom_padding=\u00bb|||\u00bb global_colors_info=\u00bb{}\u00bb custom_padding__hover=\u00bb|||\u00bb][et_pb_blurb use_icon=\u00bbon\u00bb font_icon=\u00bb&#x7b;||divi||400&#8243; icon_color=\u00bb#ffffff\u00bb content_max_width=\u00bb1069px\u00bb _builder_version=\u00bb4.19.5&#8243; body_font=\u00bbAbhaya Libre|700|on||||||\u00bb body_font_size=\u00bb30px\u00bb body_line_height=\u00bb1.4em\u00bb text_orientation=\u00bbcenter\u00bb background_layout=\u00bbdark\u00bb width=\u00bb100%\u00bb global_colors_info=\u00bb{}\u00bb]<\/p>\n<p>Benjam\u00edn Olaizola es uno de los mejores jugadores de Scrabble\u00ae en espa\u00f1ol del mundo. Sobran los dedos de una mano para contar los que est\u00e1n a su nivel. Durante largos per\u00edodos fue el n\u00famero 1 del<br \/>Ranking Elo Internacional, y se mantiene entre los primeros.<\/p>\n<p>El Scrabble\u00ae tiene parte de ciencia y parte de arte, y Benjam\u00edn se destaca en ambas facetas.<\/p>\n<p>[\/et_pb_blurb][et_pb_text admin_label=\u00bbText\u00bb _builder_version=\u00bb4.19.5&#8243; text_font=\u00bb||||||||\u00bb header_font=\u00bb||||||||\u00bb header_4_font=\u00bbNunito|700||on|||||\u00bb header_4_letter_spacing=\u00bb2px\u00bb text_orientation=\u00bbcenter\u00bb background_layout=\u00bbdark\u00bb custom_padding=\u00bb45px|||\u00bb animation_style=\u00bbfade\u00bb global_colors_info=\u00bb{}\u00bb]<\/p>\n<h4>Horacio Moavro &#8211; Subcampe\u00f3n 2022<\/h4>\n<p>[\/et_pb_text][\/et_pb_column][\/et_pb_row][\/et_pb_section]<\/p>\n","protected":false},"excerpt":{"rendered":"<p>un Apasionado del scrabble\u00ae Mi historiaBenjam\u00edn naci\u00f3 en Caracas (1979) en el seno de una familia aficionada a la lectura y los juegos de mesa. Es el menor de cuatro hermanos, y desde muy temprana edad se interes\u00f3 por los juegos de estrategia y an\u00e1lisis, siendo el ajedrez y el domin\u00f3 los m\u00e1s relevantes. A [&hellip;]<\/p>\n","protected":false},"author":1,"featured_media":0,"parent":0,"menu_order":0,"comment_status":"closed","ping_status":"closed","template":"","meta":{"_et_pb_use_builder":"on","_et_pb_old_content":"<!-- wp:divi\/placeholder \/-->","_et_gb_content_width":"","om_disable_all_campaigns":false,"_monsterinsights_skip_tracking":false,"_monsterinsights_sitenote_active":false,"_monsterinsights_sitenote_note":"","_monsterinsights_sitenote_category":0,"footnotes":""},"class_list":["post-12","page","type-page","status-publish","hentry"],"aioseo_notices":[],"_links":{"self":[{"href":"https:\/\/benjaminolaizola.com\/index.php\/wp-json\/wp\/v2\/pages\/12","targetHints":{"allow":["GET"]}}],"collection":[{"href":"https:\/\/benjaminolaizola.com\/index.php\/wp-json\/wp\/v2\/pages"}],"about":[{"href":"https:\/\/benjaminolaizola.com\/index.php\/wp-json\/wp\/v2\/types\/page"}],"author":[{"embeddable":true,"href":"https:\/\/benjaminolaizola.com\/index.php\/wp-json\/wp\/v2\/users\/1"}],"replies":[{"embeddable":true,"href":"https:\/\/benjaminolaizola.com\/index.php\/wp-json\/wp\/v2\/comments?post=12"}],"version-history":[{"count":13,"href":"https:\/\/benjaminolaizola.com\/index.php\/wp-json\/wp\/v2\/pages\/12\/revisions"}],"predecessor-version":[{"id":410,"href":"https:\/\/benjaminolaizola.com\/index.php\/wp-json\/wp\/v2\/pages\/12\/revisions\/410"}],"wp:attachment":[{"href":"https:\/\/benjaminolaizola.com\/index.php\/wp-json\/wp\/v2\/media?parent=12"}],"curies":[{"name":"wp","href":"https:\/\/api.w.org\/{rel}","templated":true}]}}